{"id":401,"date":"2019-08-24T11:43:17","date_gmt":"2019-08-24T11:43:17","guid":{"rendered":"http:\/\/wp.mominul.me\/saaspik\/?page_id=401"},"modified":"2025-04-15T14:49:07","modified_gmt":"2025-04-15T14:49:07","slug":"pricing","status":"publish","type":"page","link":"https:\/\/site.cabai.cloud\/?page_id=401","title":{"rendered":"Pricing"},"content":{"rendered":"\t\t<div data-elementor-type=\"wp-page\" data-elementor-id=\"401\" class=\"elementor elementor-401\">\n\t\t\t\t\t\t<section class=\"elementor-section elementor-top-section elementor-element elementor-element-9c1c47c elementor-section-boxed elementor-section-height-default elementor-section-height-default\" data-id=\"9c1c47c\" data-element_type=\"section\" data-e-type=\"section\">\n\t\t\t\t\t\t<div class=\"elementor-container elementor-column-gap-no\">\n\t\t\t\t\t<div class=\"elementor-column elementor-col-100 elementor-top-column elementor-element elementor-element-bffec3c\" data-id=\"bffec3c\" data-element_type=\"column\" data-e-type=\"column\">\n\t\t\t<div class=\"elementor-widget-wrap elementor-element-populated\">\n\t\t\t\t\t\t<div class=\"elementor-element elementor-element-c754d1c elementor-widget elementor-widget-saaspik-heading\" data-id=\"c754d1c\" data-element_type=\"widget\" data-e-type=\"widget\" data-widget_type=\"saaspik-heading.default\">\n\t\t\t\t<div class=\"elementor-widget-container\">\n\t\t\t\t\t<div class=\"section-title wow pixFadeUp\">\n            <h3 class=\"sub-title\">PRICING PLAN<\/h3>\n                <h2 class=\"title\">Des tarifs clairs, sans surprise !<\/h2>\n        <\/div>\t\t\t\t<\/div>\n\t\t\t\t<\/div>\n\t\t\t\t<div class=\"elementor-element elementor-element-440dd86 elementor-widget elementor-widget-saaspik_pricing_table\" data-id=\"440dd86\" data-element_type=\"widget\" data-e-type=\"widget\" data-widget_type=\"saaspik_pricing_table.default\">\n\t\t\t\t<div class=\"elementor-widget-container\">\n\t\t\t\t\t<div class=\"pricing\">\r\n\r\n\t<div class=\"container\">\r\n\t\t<div class=\"tab-content priceing-tab\">\r\n\r\n\t\t\t\t\t\t\t<nav class=\"pricing-tab wow pixFadeUp\" data-wow-delay=\"0.3s\">\r\n\t\t\t\t\t<span class=\"tab-btn monthly_tab_title\">\r\n\t\t\t\t\t\tMensuel\t\t\t\t\t<\/span>\r\n\t\t\t\t\t\t<span class=\"pricing-tab-switcher\"><\/span>\r\n\t\t\t\t\t\t<span class=\"tab-btn annual_tab_title\">\r\n\t\t\t\t\t\tAnnuel\t\t\t\t\t<\/span>\r\n\t\t\t\t<\/nav>\r\n\r\n\t\t\t\r\n\t\t\t<div class=\"row justify-content-center advanced-pricing-table price-table-style-one no-gutters\">\r\n\t\t\t\t\t\t\t\t\t\t<div class=\"grid col-lg-4 col-md-6 wow pixFadeUp\" data-wow-dealy=\"0.4s\">\r\n\t\t\t\t\t\t\t<div class=\"pricing-table elementor-repeater-item-da0012e\" id=\"pric-713-0\">\r\n\t\t\t\t\t\t\t\t<div class=\"pricing-header pricing-amount\">\r\n\t\t\t\t\t\t\t\t\t<div class=\"annual_price\">\r\n\t\t\t\t\t\t\t\t\t\t<h3 class=\"price\">\r\n\t\t\t\t\t\t\t\t\t\t\t<span><\/span>\r\n\t\t\t\t\t\t\t\t\t\t\t4,99 \u20ac \/mois\t\t\t\t\t\t\t\t\t\t<\/h3>\r\n\t\t\t\t\t\t\t\t\t<\/div>\r\n\t\t\t\t\t\t\t\t\t<!-- \/.annual_price -->\r\n\r\n\t\t\t\t\t\t\t\t\t<div class=\"monthly_price\">\r\n\t\t\t\t\t\t\t\t\t\t<h3 class=\"price\">\r\n\t\t\t\t\t\t\t\t\t\t\t<span><\/span>\r\n\t\t\t\t\t\t\t\t\t\t\t6,99 \u20ac \/mois\t\t\t\t\t\t\t\t\t\t<\/h3>\r\n\t\t\t\t\t\t\t\t\t<\/div>\r\n\t\t\t\t\t\t\t\t\t<!-- \/.monthly_price -->\r\n\r\n\t\t\t\t\t\t\t\t\t<h2 class=\"price-title\">Essentiel<\/h2>\r\n\t\t\t\t\t\t\t\t\t<p class=\"dur-month\"><\/p>\r\n\t\t\t\t\t\t\t\t\t<p class=\"dur-year\"><\/p>\r\n\t\t\t\t\t\t\t\t<\/div>\r\n\r\n\t\t\t\t\t\t\t\t<ul class=\"price-feture\">\r\n\t\t\t\t\t\t\t\t\t<li class=\"have\">1 utilisateur<\/li>\n<li class=\"have\">Gestion des clients\n<\/li>\n<li class=\"have\">10 devis par mois<\/li>\n<li class=\"have\">5 factures de vente   par mois <\/li>\n<li class=\"have\">Factures d'achat <\/li>\n<li class=\"have\">Notes de cr\u00e9dit de vente   <\/li>\n<li class=\"have\">Notes de cr\u00e9dit d'achat<\/li>\n<li class=\"have\">Rappels de paiement<\/li>\n\n<li class=\"have\">SMTP personnalis\u00e9<\/li>\n<li class=\"have\"><li class=\"have\">Tableau de bord basique<\/li><\/li>\n<li class=\"have\"><li class=\"have\">Liaison comptable<\/li><\/li>\n\n<li class=\"not\">Gestion des clients\n<\/li>\n <li class=\"not\">Gestion des produits<\/li>\n\n\n <li class=\"not\">Facturation r\u00e9currente<\/li>\n <li class=\"not\">Gestion des produits<\/li>\n <li class=\"not\">1 liaison bancaire<\/li>\n <li class=\"not\">Rapports<\/li>\n\n\n<li class=\"not\">Rappels de devis<\/li>\n <li class=\"not\">Gestion des bons de commande<\/li>\n <li class=\"not\">Gestion des prestations<\/li>\n <li class=\"not\">Gestion avanc\u00e9e des factures d'achat<\/li>\n <li class=\"not\">Gestion des stocks et des achats<\/li>\n <li class=\"not\">Bons de livraison<\/li>\n <li class=\"not\">Automatisation des processus<\/li>\n<li class=\"not\">R\u00e8gles de prix personnalis\u00e9es <\/li>\n\n\t\t\t\t\t\t\t\t<\/ul>\r\n\r\n\r\n\t\t\t\t\t\t\t\t<div class=\"action text-center\">\r\n\t\t\t\t\t\t\t\t\t<div class=\"btn-month\">\r\n\t\t\t\t\t\t\t\t\t\t\t\t\t\t\t\t\t\t\t\t\t<a href=\"#\" class=\"pix-btn btn-outline\"  >\r\n\t\t\t\t\t\t\t\t\t\t\t\tD\u00e9marrer maintenant\t\t\t\t\t\t\t\t\t\t\t<\/a>\r\n\t\t\t\t\t\t\t\t\t\t\t\t\t\t\t\t\t\t\t<\/div>\r\n\t\t\t\t\t\t\t\t\t<div class=\"btn-annual\">\r\n\t\t\t\t\t\t\t\t\t\t\t\t\t\t\t\t\t\t\t\t\t<a href=\"#\" class=\"pix-btn btn-outline\"  >\r\n\t\t\t\t\t\t\t\t\t\t\t\tD\u00e9marrer maintenant\t\t\t\t\t\t\t\t\t\t\t<\/a>\r\n\t\t\t\t\t\t\t\t\t\t\t\t\t\t\t\t\t\t\t<\/div>\r\n\t\t\t\t\t\t\t\t<\/div>\r\n\t\t\t\t\t\t\t<\/div>\r\n\t\t\t\t\t\t<\/div>\r\n\t\t\t\t\t\t\t\t\t\t\t<div class=\"grid col-lg-4 col-md-6 wow pixFadeUp\" data-wow-dealy=\"0.4s\">\r\n\t\t\t\t\t\t\t<div class=\"pricing-table elementor-repeater-item-bf04c24\" id=\"pric-713-1\">\r\n\t\t\t\t\t\t\t\t<div class=\"pricing-header pricing-amount\">\r\n\t\t\t\t\t\t\t\t\t<div class=\"annual_price\">\r\n\t\t\t\t\t\t\t\t\t\t<h3 class=\"price\">\r\n\t\t\t\t\t\t\t\t\t\t\t<span><\/span>\r\n\t\t\t\t\t\t\t\t\t\t\t19,99 \u20ac \/mois\t\t\t\t\t\t\t\t\t\t<\/h3>\r\n\t\t\t\t\t\t\t\t\t<\/div>\r\n\t\t\t\t\t\t\t\t\t<!-- \/.annual_price -->\r\n\r\n\t\t\t\t\t\t\t\t\t<div class=\"monthly_price\">\r\n\t\t\t\t\t\t\t\t\t\t<h3 class=\"price\">\r\n\t\t\t\t\t\t\t\t\t\t\t<span><\/span>\r\n\t\t\t\t\t\t\t\t\t\t\t23,99 \u20ac \/mois\t\t\t\t\t\t\t\t\t\t<\/h3>\r\n\t\t\t\t\t\t\t\t\t<\/div>\r\n\t\t\t\t\t\t\t\t\t<!-- \/.monthly_price -->\r\n\r\n\t\t\t\t\t\t\t\t\t<h2 class=\"price-title\">Croissance<\/h2>\r\n\t\t\t\t\t\t\t\t\t<p class=\"dur-month\"><\/p>\r\n\t\t\t\t\t\t\t\t\t<p class=\"dur-year\"><\/p>\r\n\t\t\t\t\t\t\t\t<\/div>\r\n\r\n\t\t\t\t\t\t\t\t<ul class=\"price-feture\">\r\n\t\t\t\t\t\t\t\t\t<li class=\"have\">1 utilisateur<\/li>\n<li class=\"have\">Gestion des clients\n<\/li>\n <li class=\"have\">Devis illimit\u00e9s<\/li>\n<li class=\"have\">Factures de vente illimit\u00e9es<\/li>\n<li class=\"have\">Factures d'achat <\/li>\n<li class=\"have\">Notes de cr\u00e9dit de vente   <\/li>\n<li class=\"have\">Notes de cr\u00e9dit d'achat   <\/li>\n\n<li class=\"have\">Rappels de paiement<\/li>\n<li class=\"have\">SMTP personnalis\u00e9<\/li>\n<li class=\"have\"><li class=\"have\">Tableau de bord basique<\/li><\/li>\n<li class=\"have\"><li class=\"have\">Liaison comptable<\/li><\/li>\n\n\n\n<li class=\"have\">Gestion des clients\n<\/li>\n <li class=\"have\">Gestion des produits<\/li>\n\n <li class=\"have\">Facturation r\u00e9currente<\/li>\n <li class=\"have\">Gestion des produits<\/li>\n\n <li class=\"have\">1 liaison bancaire<\/li>\n <li class=\"have\">Rapports<\/li>\n\n\n<li class=\"not\">Rappels de devis<\/li>\n <li class=\"not\">Gestion des bons de commande<\/li>\n <li class=\"not\">Gestion des prestations<\/li>\n <li class=\"not\">Gestion avanc\u00e9e des factures d'achat<\/li>\n <li class=\"not\">Gestion des stocks et des achats<\/li>\n <li class=\"not\">Bons de livraison<\/li>\n <li class=\"not\">Automatisation des processus<\/li>\n<li class=\"not\">R\u00e8gles de prix personnalis\u00e9es <\/li>\t\t\t\t\t\t\t\t<\/ul>\r\n\r\n\r\n\t\t\t\t\t\t\t\t<div class=\"action text-center\">\r\n\t\t\t\t\t\t\t\t\t<div class=\"btn-month\">\r\n\t\t\t\t\t\t\t\t\t\t\t\t\t\t\t\t\t\t\t\t\t<a href=\"http:\/\/D\u00e9marrer%20maintenant\" class=\"pix-btn btn-outline\"  >\r\n\t\t\t\t\t\t\t\t\t\t\t\tD\u00e9marrer maintenant\t\t\t\t\t\t\t\t\t\t\t<\/a>\r\n\t\t\t\t\t\t\t\t\t\t\t\t\t\t\t\t\t\t\t<\/div>\r\n\t\t\t\t\t\t\t\t\t<div class=\"btn-annual\">\r\n\t\t\t\t\t\t\t\t\t\t\t\t\t\t\t\t\t\t\t\t\t<a href=\"#\" class=\"pix-btn btn-outline\"  >\r\n\t\t\t\t\t\t\t\t\t\t\t\tD\u00e9marrer maintenant\t\t\t\t\t\t\t\t\t\t\t<\/a>\r\n\t\t\t\t\t\t\t\t\t\t\t\t\t\t\t\t\t\t\t<\/div>\r\n\t\t\t\t\t\t\t\t<\/div>\r\n\t\t\t\t\t\t\t<\/div>\r\n\t\t\t\t\t\t<\/div>\r\n\t\t\t\t\t\t\t\t\t\t\t<div class=\"grid col-lg-4 col-md-6 wow pixFadeUp\" data-wow-dealy=\"0.4s\">\r\n\t\t\t\t\t\t\t<div class=\"pricing-table elementor-repeater-item-0b610ed\" id=\"pric-713-2\">\r\n\t\t\t\t\t\t\t\t<div class=\"pricing-header pricing-amount\">\r\n\t\t\t\t\t\t\t\t\t<div class=\"annual_price\">\r\n\t\t\t\t\t\t\t\t\t\t<h3 class=\"price\">\r\n\t\t\t\t\t\t\t\t\t\t\t<span><\/span>\r\n\t\t\t\t\t\t\t\t\t\t\t33,99 \u20ac \/mois\t\t\t\t\t\t\t\t\t\t<\/h3>\r\n\t\t\t\t\t\t\t\t\t<\/div>\r\n\t\t\t\t\t\t\t\t\t<!-- \/.annual_price -->\r\n\r\n\t\t\t\t\t\t\t\t\t<div class=\"monthly_price\">\r\n\t\t\t\t\t\t\t\t\t\t<h3 class=\"price\">\r\n\t\t\t\t\t\t\t\t\t\t\t<span><\/span>\r\n\t\t\t\t\t\t\t\t\t\t\t39,99 \u20ac \/mois\t\t\t\t\t\t\t\t\t\t<\/h3>\r\n\t\t\t\t\t\t\t\t\t<\/div>\r\n\t\t\t\t\t\t\t\t\t<!-- \/.monthly_price -->\r\n\r\n\t\t\t\t\t\t\t\t\t<h2 class=\"price-title\">\u00c9lite<\/h2>\r\n\t\t\t\t\t\t\t\t\t<p class=\"dur-month\"><\/p>\r\n\t\t\t\t\t\t\t\t\t<p class=\"dur-year\"><\/p>\r\n\t\t\t\t\t\t\t\t<\/div>\r\n\r\n\t\t\t\t\t\t\t\t<ul class=\"price-feture\">\r\n\t\t\t\t\t\t\t\t\t <li class=\"have\">2 utilisateurs<\/li>\n<li class=\"have\">Gestion des clients\n<\/li>\n <li class=\"have\">Devis illimit\u00e9s<\/li>\n<li class=\"have\">Factures de vente illimit\u00e9es<\/li>\n<li class=\"have\">Factures d'achat <\/li>\n<li class=\"have\">Notes de cr\u00e9dit de vente   <\/li>\n<li class=\"have\">Notes de cr\u00e9dit d'achat   <\/li>\n<li class=\"have\">Rappels de paiement<\/li>\n<li class=\"have\">SMTP personnalis\u00e9<\/li>\n<li class=\"have\">Tableau de bord basique<\/li>\n<li class=\"have\">Liaison comptable<\/li>\n\n\n\n<li class=\"have\">Gestion des clients\n<\/li>\n <li class=\"have\">Gestion des produits<\/li>\n\n <li class=\"have\">Facturation r\u00e9currente<\/li>\n <li class=\"have\">Gestion des produits<\/li>\n\n <li class=\"have\">1 liaison bancaire<\/li>\n <li class=\"have\">Rapports<\/li>\n\n\n<li class=\"have\">Rappels de devis<\/li>\n <li class=\"have\">Gestion des bons de commande<\/li>\n <li class=\"have\">Gestion des prestations<\/li>\n <li class=\"have\">Gestion avanc\u00e9e des factures d'achat<\/li>\n <li class=\"have\">Gestion des stocks et des achats<\/li>\n <li class=\"have\">Bons de livraison<\/li>\n <li class=\"have\">Automatisation des processus<\/li>\n<li class=\"have\">R\u00e8gles de prix personnalis\u00e9es <\/li>\t\t\t\t\t\t\t\t<\/ul>\r\n\r\n\r\n\t\t\t\t\t\t\t\t<div class=\"action text-center\">\r\n\t\t\t\t\t\t\t\t\t<div class=\"btn-month\">\r\n\t\t\t\t\t\t\t\t\t\t\t\t\t\t\t\t\t\t\t\t\t<a href=\"#\" class=\"pix-btn btn-outline\"  >\r\n\t\t\t\t\t\t\t\t\t\t\t\tD\u00e9marrer maintenant\t\t\t\t\t\t\t\t\t\t\t<\/a>\r\n\t\t\t\t\t\t\t\t\t\t\t\t\t\t\t\t\t\t\t<\/div>\r\n\t\t\t\t\t\t\t\t\t<div class=\"btn-annual\">\r\n\t\t\t\t\t\t\t\t\t\t\t\t\t\t\t\t\t\t\t\t\t<a href=\"#\" class=\"pix-btn btn-outline\"  >\r\n\t\t\t\t\t\t\t\t\t\t\t\tD\u00e9marrer maintenant\t\t\t\t\t\t\t\t\t\t\t<\/a>\r\n\t\t\t\t\t\t\t\t\t\t\t\t\t\t\t\t\t\t\t<\/div>\r\n\t\t\t\t\t\t\t\t<\/div>\r\n\t\t\t\t\t\t\t<\/div>\r\n\t\t\t\t\t\t<\/div>\r\n\t\t\t\t\t\t\t\t<\/div>\r\n\r\n\t\t<\/div>\r\n\t<\/div>\r\n\t<!-- \/.container -->\r\n\r\n\t\r\n\r\n<\/div>\r\n<!-- \/.pricing -->\t\t\t\t<\/div>\n\t\t\t\t<\/div>\n\t\t\t\t\t<\/div>\n\t\t<\/div>\n\t\t\t\t\t<\/div>\n\t\t<\/section>\n\t\t\t\t<section class=\"elementor-section elementor-top-section elementor-element elementor-element-cd5a750 elementor-section-full_width elementor-section-height-default elementor-section-height-default\" data-id=\"cd5a750\" data-element_type=\"section\" data-e-type=\"section\">\n\t\t\t\t\t\t<div class=\"elementor-container elementor-column-gap-no\">\n\t\t\t\t\t<div class=\"elementor-column elementor-col-100 elementor-top-column elementor-element elementor-element-6f4650b\" data-id=\"6f4650b\" data-element_type=\"column\" data-e-type=\"column\">\n\t\t\t<div class=\"elementor-widget-wrap elementor-element-populated\">\n\t\t\t\t\t\t<div class=\"elementor-element elementor-element-2171dd0 elementor-widget elementor-widget-saaspik-call-to-action\" data-id=\"2171dd0\" data-element_type=\"widget\" data-e-type=\"widget\" data-widget_type=\"saaspik-call-to-action.default\">\n\t\t\t\t<div class=\"elementor-widget-container\">\n\t\t\t\t\t<div class=\"signup-section action-bg\">\r\n\t<div class=\"bg-shape\">\r\n\t\t<img decoding=\"async\" src=\"https:\/\/site.cabai.cloud\/wp-content\/plugins\/saaspik-addons\/elementor\/widgets\/images\/left-shape.png\" data-parallax='{\"x\": -130}' alt=\"shape\" class=\"shape-left\">\r\n\t\t<img decoding=\"async\" src=\"https:\/\/site.cabai.cloud\/wp-content\/plugins\/saaspik-addons\/elementor\/widgets\/images\/right_shape.png\" data-parallax='{\"x\": 130}' alt=\"shape\" class=\"shape-right\">\r\n\t<\/div>\r\n\r\n\r\n\t<div class=\"container\">\r\n\t\t<div class=\"row align-items-center\">\r\n\t\t\t<div class=\"col-lg-8\">\r\n\t\t\t\t<div class=\"signup-heading wow pixFadeUp\">\r\n\t\t\t\t\t\t\t\t\t\t\t<h2 class=\"title\">Pour les nouveaux utilisateurs, \n\nprofitez de 14 jours d\u2019essais gratuit !<\/h2>\r\n\t\t\t\t\t\r\n\t\t\t\t\t\t\t\t\t<\/div>\r\n\t\t\t\t<!-- \/.signup-heading -->\r\n\t\t\t<\/div>\r\n\t\t\t<!-- \/.col-lg-8 -->\r\n\r\n\t\t\t<div class=\"col-lg-4 text-right\">\r\n\t\t\t\t<div class=\"button-container text-right wow pixFadeUp\">\r\n\t\t\t\t\t\t\t\t\t\t\t<a class=\"pix-btn btn-light btn-big scroll-btn wow  pixFadeUp\" href=\"#\" target=\"_self\">Essai gratuit<\/a>\r\n\t\t\t\t\t\t\t\t\t<\/div>\r\n\t\t\t\t<!-- \/.button-container -->\r\n\t\t\t<\/div>\r\n\t\t\t<!-- \/.col-lg-5 -->\r\n\t\t<\/div>\r\n\t\t<!-- \/.row -->\r\n\t<\/div>\r\n\t<!-- \/.container -->\r\n\r\n<\/div>\r\n<!-- \/.call-to-action -->\r\n\t\t\t\t<\/div>\n\t\t\t\t<\/div>\n\t\t\t\t\t<\/div>\n\t\t<\/div>\n\t\t\t\t\t<\/div>\n\t\t<\/section>\n\t\t\t\t<section class=\"elementor-section elementor-top-section elementor-element elementor-element-aec34e2 elementor-section-boxed elementor-section-height-default elementor-section-height-default\" data-id=\"aec34e2\" data-element_type=\"section\" data-e-type=\"section\">\n\t\t\t\t\t\t<div class=\"elementor-container elementor-column-gap-no\">\n\t\t\t\t\t<div class=\"elementor-column elementor-col-100 elementor-top-column elementor-element elementor-element-9c597ae\" data-id=\"9c597ae\" data-element_type=\"column\" data-e-type=\"column\">\n\t\t\t<div class=\"elementor-widget-wrap elementor-element-populated\">\n\t\t\t\t\t\t<div class=\"elementor-element elementor-element-f6ad7f8 elementor-widget elementor-widget-saaspik-heading\" data-id=\"f6ad7f8\" data-element_type=\"widget\" data-e-type=\"widget\" data-widget_type=\"saaspik-heading.default\">\n\t\t\t\t<div class=\"elementor-widget-container\">\n\t\t\t\t\t<div class=\"section-title wow pixFadeUp\">\n            <h3 class=\"sub-title\">PRICING PLAN<\/h3>\n                <h2 class=\"title\">What\u2019s our monthly pricing<br>\nsubscription<\/h2>\n        <\/div>\t\t\t\t<\/div>\n\t\t\t\t<\/div>\n\t\t\t\t<div class=\"elementor-element elementor-element-4040be7 elementor-widget elementor-widget-saaspik_pricing_table\" data-id=\"4040be7\" data-element_type=\"widget\" data-e-type=\"widget\" data-widget_type=\"saaspik_pricing_table.default\">\n\t\t\t\t<div class=\"elementor-widget-container\">\n\t\t\t\t\t<div class=\"container\">\r\n    <div class=\"tab-content priceing-tab\">\r\n\t\t            <nav class=\"pricing-tab wow pixFadeUp\" data-wow-delay=\"0.3s\">\r\n                <span class=\"tab-btn monthly_tab_title\">\r\n                    Monthly                <\/span>\r\n                <span class=\"pricing-tab-switcher\"><\/span>\r\n                <span class=\"tab-btn annual_tab_title\">\r\n                Annual                <\/span>\r\n            <\/nav>\r\n\t\t\r\n        <div class=\"row justify-content-center advanced-pricing-table\">\r\n\t\t\t                    <div class=\"grid col-lg-4 col-md-6 price wow pixFadeUp\" data-wow-dealy=\"0.4s\">\r\n                        <div class=\"pricing-table featured style-two elementor-repeater-item-ed32799\">\r\n\t\t\t\t\t\t\t                            <div class=\"pricing-header pricing-amount\">\r\n                                <div class=\"annual_price style-two price-two\">\r\n                                    <h3 class=\"price\">\r\n                                        <span>$<\/span>0                                    <\/h3>\r\n                                <\/div>\r\n                                <!-- \/.annual_price -->\r\n\r\n                                <div class=\"monthly_price\">\r\n                                    <h3 class=\"price\">\r\n                                        <span>$<\/span>0                                    <\/h3>\r\n                                <\/div>\r\n                                <!-- \/.monthly_price -->\r\n\r\n                                <h2 class=\"price-title\">Basic Account<\/h2>\r\n                                <p class=\"dur-month\">Only for first month<\/p>\r\n                                <p class=\"dur-year\">Only for one year<\/p>\r\n                            <\/div>\r\n                            <ul class=\"price-feture\">\r\n\t\t\t\t\t\t\t\t<li class=\"have\">Limited Acess Library<\/li>\n                                      <li class=\"have\">Single User<\/li>\n<li class=\"have\">eCommerce Store<\/li>\n                                      <li class=\"not\">Hotline Support 24\/7<\/li>\n                                      <li class=\"not\">No Updates<\/li>                            <\/ul>\r\n\r\n                            <div class=\"action\">\r\n\r\n                                <div class=\"action text-center\">\r\n\t\t\t\t\t\t\t\t\t<div class=\"btn-month\">\r\n\t\t                                \t\t\t\t\t\t\t\t\t\t\t<a href=\"#\" class=\"pix-btn btn-outline\"  >\r\n\t\t\t\t                                Purchase\t\t\t\t\t\t\t\t\t\t\t<\/a>\r\n\t\t                                \t\t\t\t\t\t\t\t\t<\/div>\r\n\t\t\t\t\t\t\t\t\t<div class=\"btn-annual\">\r\n\t\t                                \t\t\t\t\t\t\t\t\t\t\t<a href=\"#\" class=\"pix-btn btn-outline\"  >\r\n\t\t\t\t                                Purchase\t\t\t\t\t\t\t\t\t\t\t<\/a>\r\n\t\t                                \t\t\t\t\t\t\t\t\t<\/div>\r\n                                <\/div>\r\n                            <\/div>\r\n                        <\/div>\r\n                    <\/div>\r\n\t\t\t\t\t                    <div class=\"grid col-lg-4 col-md-6 price wow pixFadeUp\" data-wow-dealy=\"0.4s\">\r\n                        <div class=\"pricing-table featured style-two elementor-repeater-item-074ecd5\">\r\n\t\t\t\t\t\t\t\t\t\t\t\t\t\t\t                                    <div class=\"trend\">\r\n                                        <p>Popular<\/p>\r\n                                    <\/div>\r\n\t\t\t\t\t\t\t\t\t\t\t\t\t\t\t                            <div class=\"pricing-header pricing-amount\">\r\n                                <div class=\"annual_price style-two price-two\">\r\n                                    <h3 class=\"price\">\r\n                                        <span>$<\/span>75.40                                    <\/h3>\r\n                                <\/div>\r\n                                <!-- \/.annual_price -->\r\n\r\n                                <div class=\"monthly_price\">\r\n                                    <h3 class=\"price\">\r\n                                        <span>$<\/span>29.50                                    <\/h3>\r\n                                <\/div>\r\n                                <!-- \/.monthly_price -->\r\n\r\n                                <h2 class=\"price-title\">STANDART ACCOUNT<\/h2>\r\n                                <p class=\"dur-month\">Only for first month<\/p>\r\n                                <p class=\"dur-year\">Only for one year<\/p>\r\n                            <\/div>\r\n                            <ul class=\"price-feture\">\r\n\t\t\t\t\t\t\t\t<li class=\"have\">Limited Acess Library<\/li>\n                                      <li class=\"have\">Single User<\/li>\n<li class=\"have\">eCommerce Store<\/li>\n                                      <li class=\"have\">Hotline Support 24\/7<\/li>\n                                      <li class=\"not\">No Updates<\/li>                            <\/ul>\r\n\r\n                            <div class=\"action\">\r\n\r\n                                <div class=\"action text-center\">\r\n\t\t\t\t\t\t\t\t\t<div class=\"btn-month\">\r\n\t\t                                \t\t\t\t\t\t\t\t\t\t\t<a href=\"#\" class=\"pix-btn btn-outline\"  >\r\n\t\t\t\t                                Purchase\t\t\t\t\t\t\t\t\t\t\t<\/a>\r\n\t\t                                \t\t\t\t\t\t\t\t\t<\/div>\r\n\t\t\t\t\t\t\t\t\t<div class=\"btn-annual\">\r\n\t\t                                \t\t\t\t\t\t\t\t\t\t\t<a href=\"#\" class=\"pix-btn btn-outline\"  >\r\n\t\t\t\t                                Purchase\t\t\t\t\t\t\t\t\t\t\t<\/a>\r\n\t\t                                \t\t\t\t\t\t\t\t\t<\/div>\r\n                                <\/div>\r\n                            <\/div>\r\n                        <\/div>\r\n                    <\/div>\r\n\t\t\t\t\t                    <div class=\"grid col-lg-4 col-md-6 price wow pixFadeUp\" data-wow-dealy=\"0.4s\">\r\n                        <div class=\"pricing-table featured style-two elementor-repeater-item-2b159d8\">\r\n\t\t\t\t\t\t\t                            <div class=\"pricing-header pricing-amount\">\r\n                                <div class=\"annual_price style-two price-two\">\r\n                                    <h3 class=\"price\">\r\n                                        <span>$<\/span>140.30                                    <\/h3>\r\n                                <\/div>\r\n                                <!-- \/.annual_price -->\r\n\r\n                                <div class=\"monthly_price\">\r\n                                    <h3 class=\"price\">\r\n                                        <span>$<\/span>75.40                                    <\/h3>\r\n                                <\/div>\r\n                                <!-- \/.monthly_price -->\r\n\r\n                                <h2 class=\"price-title\">PREMIUM ACCOUNT<\/h2>\r\n                                <p class=\"dur-month\">Only for first month<\/p>\r\n                                <p class=\"dur-year\">Only for one year<\/p>\r\n                            <\/div>\r\n                            <ul class=\"price-feture\">\r\n\t\t\t\t\t\t\t\t<li class=\"have\">Limited Acess Library<\/li>\n                                      <li class=\"have\">Single User<\/li>\n<li class=\"have\">eCommerce Store<\/li>\n                                      <li class=\"have\">Hotline Support 24\/7<\/li>\n                                      <li class=\"have\">No Updates<\/li>                            <\/ul>\r\n\r\n                            <div class=\"action\">\r\n\r\n                                <div class=\"action text-center\">\r\n\t\t\t\t\t\t\t\t\t<div class=\"btn-month\">\r\n\t\t                                \t\t\t\t\t\t\t\t\t\t\t<a href=\"#\" class=\"pix-btn btn-outline\"  >\r\n\t\t\t\t                                Purchase\t\t\t\t\t\t\t\t\t\t\t<\/a>\r\n\t\t                                \t\t\t\t\t\t\t\t\t<\/div>\r\n\t\t\t\t\t\t\t\t\t<div class=\"btn-annual\">\r\n\t\t                                \t\t\t\t\t\t\t\t\t\t\t<a href=\"#\" class=\"pix-btn btn-outline\"  >\r\n\t\t\t\t                                Purchase\t\t\t\t\t\t\t\t\t\t\t<\/a>\r\n\t\t                                \t\t\t\t\t\t\t\t\t<\/div>\r\n                                <\/div>\r\n                            <\/div>\r\n                        <\/div>\r\n                    <\/div>\r\n\t\t\t\t\t        <\/div>\r\n    <\/div>\r\n<\/div>\r\n<!-- \/.container -->\t\t\t\t<\/div>\n\t\t\t\t<\/div>\n\t\t\t\t\t<\/div>\n\t\t<\/div>\n\t\t\t\t\t<\/div>\n\t\t<\/section>\n\t\t\t\t<\/div>\n\t\t","protected":false},"excerpt":{"rendered":"<p>PRICING PLAN Des tarifs clairs, sans surprise ! Mensuel Annuel 4,99 \u20ac \/mois 6,99 \u20ac \/mois Essentiel 1 utilisateur Gestion des clients 10 devis par mois 5 factures de vente par mois Factures d&rsquo;achat Notes de cr\u00e9dit de vente Notes de cr\u00e9dit d&rsquo;achat Rappels de paiement SMTP personnalis\u00e9 Tableau de bord basique Liaison comptable Gestion [&hellip;]<\/p>\n","protected":false},"author":1,"featured_media":0,"parent":0,"menu_order":0,"comment_status":"closed","ping_status":"closed","template":"elementor_header_footer","meta":{"_monsterinsights_skip_tracking":false,"_monsterinsights_sitenote_active":false,"_monsterinsights_sitenote_note":"","_monsterinsights_sitenote_category":0,"footnotes":""},"class_list":["post-401","page","type-page","status-publish","hentry"],"aioseo_notices":[],"_links":{"self":[{"href":"https:\/\/site.cabai.cloud\/index.php?rest_route=\/wp\/v2\/pages\/401","targetHints":{"allow":["GET"]}}],"collection":[{"href":"https:\/\/site.cabai.cloud\/index.php?rest_route=\/wp\/v2\/pages"}],"about":[{"href":"https:\/\/site.cabai.cloud\/index.php?rest_route=\/wp\/v2\/types\/page"}],"author":[{"embeddable":true,"href":"https:\/\/site.cabai.cloud\/index.php?rest_route=\/wp\/v2\/users\/1"}],"replies":[{"embeddable":true,"href":"https:\/\/site.cabai.cloud\/index.php?rest_route=%2Fwp%2Fv2%2Fcomments&post=401"}],"version-history":[{"count":4,"href":"https:\/\/site.cabai.cloud\/index.php?rest_route=\/wp\/v2\/pages\/401\/revisions"}],"predecessor-version":[{"id":2435,"href":"https:\/\/site.cabai.cloud\/index.php?rest_route=\/wp\/v2\/pages\/401\/revisions\/2435"}],"wp:attachment":[{"href":"https:\/\/site.cabai.cloud\/index.php?rest_route=%2Fwp%2Fv2%2Fmedia&parent=401"}],"curies":[{"name":"wp","href":"https:\/\/api.w.org\/{rel}","templated":true}]}}